{"id":522,"date":"2025-02-13T09:04:35","date_gmt":"2025-02-13T09:04:35","guid":{"rendered":"https:\/\/test.ladigital.art\/resorma\/"},"modified":"2025-09-22T07:56:12","modified_gmt":"2025-09-22T07:56:12","slug":"resorma","status":"publish","type":"page","link":"https:\/\/resorma.agrotecnio.org\/ca\/","title":{"rendered":"ResOrMa"},"content":{"rendered":"<h2 class=\"wp-block-heading\">Resum del Projecte<\/h2><h1 class=\"has-text-align-center wp-block-heading\">Millorant la Resili\u00e8ncia de l&#8217;Ordi Cerveser davant el Canvi Clim\u00e0tic<\/h1><p>El <strong>Grup Operatiu \u201cMillora de la Resili\u00e8ncia de l\u2019Ordi i de la Malta als Cops de Calor i Brotada Precosecha\u201d (ResOrMa<\/strong>, per les seves sigles en catal\u00e0: <strong>Res<\/strong>ili\u00e8ncia de l&#8217;<strong>Or<\/strong>di i de la <strong>Ma<\/strong>lta) \u00e9s una iniciativa de recerca i divulgaci\u00f3 de les empreses <strong>Malteria La Moravia (Grup Damm)<\/strong>, <strong>Semillas Batlle i CUPASA, juntament amb el Grup de Recerca de Fisiologia de Cultius d\u2019AGROTECNIO, que a m\u00e9s coordina el Grup Operatiu<\/strong>, finan\u00e7at pel <strong>Departament d\u2019Acci\u00f3 Clim\u00e0tica, Alimentaci\u00f3 i Agenda Rural de la Generalitat de Catalunya i per les mateixes empreses.<\/strong><\/p>\n<p>L&#8217;objectiu de ResOrMa \u00e9s <strong>millorar la resili\u00e8ncia de l&#8217;ordi i la malta davant d&#8217;aquests fen\u00f2mens poc estudiats per\u00f2 molt rellevants i m\u00e9s freq\u00fcentes a causa dels efectes del canvi clim\u00e0tic<\/strong>. Per a aix\u00f2, el Grup Operatiu busca generar coneixement i innovacions que permetin desenvolupar solucions per augmentar la resist\u00e8ncia del cultiu d&#8217;ordi davant dels cops de calor i la brotaci\u00f3 precollita, que afecten negativament el rendiment i la qualitat del gra i, en conseq\u00fc\u00e8ncia, la producci\u00f3 de malta i cervesa. <\/p>\n<p>Amb un enfocament multidisciplinari, ResOrMa pret\u00e9n generar coneixement aplicat que benefici\u00ef els agricultors, la ind\u00fastria maltera i cervesera, i el sector agroalimentari en general, impulsant pr\u00e0ctiques m\u00e9s sostenibles i resilients.<\/p><h3 class=\"wp-block-heading\">Innovaci\u00f3 per a un Ordi M\u00e9s Resistent<\/h3>En colaboraci\u00f3n con la industria cervecera, trabajamos para seleccionar variedades de cebada m\u00e1s resistentes y optimizar su cultivo frente al cambio clim\u00e1tico.<h3 class=\"wp-block-heading\">Adaptant l&#8217;Agricultura al Futur<\/h3>Golpes de calor y brotado precosecha amenazan la producci\u00f3n de malta y cerveza. ResOrMa investiga nuevas estrategias para mitigar su impacto.<h3 class=\"wp-block-heading\">Ci\u00e8ncia i Agricultura Unides per la Cervesa<\/h3>En colaboraci\u00f3n con la industria cervecera, trabajamos para seleccionar variedades de cebada m\u00e1s resistentes y optimizar su cultivo frente al cambio clim\u00e1tico.<div class=\"wp-block-buttons is-layout-flex wp-block-buttons-is-layout-flex\"><div class=\"wp-block-button\"><a class=\"wp-block-button__link\">PDF informatiu<\/a><\/div><\/div><figure class=\"wp-block-video\"><video height=\"720\" style=\"aspect-ratio: 1280 \/ 720;\" width=\"1280\" controls=\"\" src=\"https:\/\/resorma.agrotecnio.org\/wp-content\/uploads\/2025\/09\/Resorma-Malteria-La-Moravia-1.m4v\"><\/video><\/figure>","protected":false},"excerpt":{"rendered":"<p>Resum del Projecte Millorant la Resili\u00e8ncia de l&#8217;Ordi Cerveser davant el Canvi Clim\u00e0tic El Grup Operatiu \u201cMillora de la Resili\u00e8ncia de l\u2019Ordi i de la Malta als Cops de Calor i Brotada Precosecha\u201d (ResOrMa, per les seves sigles en catal\u00e0: Resili\u00e8ncia de l&#8217;Ordi i de la Malta) \u00e9s una iniciativa de recerca i divulgaci\u00f3 de [&hellip;]<\/p>\n","protected":false},"author":1,"featured_media":0,"parent":0,"menu_order":0,"comment_status":"closed","ping_status":"closed","template":"","meta":{"footnotes":""},"class_list":["post-522","page","type-page","status-publish","hentry"],"_links":{"self":[{"href":"https:\/\/resorma.agrotecnio.org\/ca\/wp-json\/wp\/v2\/pages\/522","targetHints":{"allow":["GET"]}}],"collection":[{"href":"https:\/\/resorma.agrotecnio.org\/ca\/wp-json\/wp\/v2\/pages"}],"about":[{"href":"https:\/\/resorma.agrotecnio.org\/ca\/wp-json\/wp\/v2\/types\/page"}],"author":[{"embeddable":true,"href":"https:\/\/resorma.agrotecnio.org\/ca\/wp-json\/wp\/v2\/users\/1"}],"replies":[{"embeddable":true,"href":"https:\/\/resorma.agrotecnio.org\/ca\/wp-json\/wp\/v2\/comments?post=522"}],"version-history":[{"count":14,"href":"https:\/\/resorma.agrotecnio.org\/ca\/wp-json\/wp\/v2\/pages\/522\/revisions"}],"predecessor-version":[{"id":985,"href":"https:\/\/resorma.agrotecnio.org\/ca\/wp-json\/wp\/v2\/pages\/522\/revisions\/985"}],"wp:attachment":[{"href":"https:\/\/resorma.agrotecnio.org\/ca\/wp-json\/wp\/v2\/media?parent=522"}],"curies":[{"name":"wp","href":"https:\/\/api.w.org\/{rel}","templated":true}]}}