{"id":585,"date":"2025-03-24T10:51:06","date_gmt":"2025-03-24T10:51:06","guid":{"rendered":"https:\/\/test.ladigital.art\/missio\/"},"modified":"2025-04-01T10:55:52","modified_gmt":"2025-04-01T10:55:52","slug":"missio","status":"publish","type":"page","link":"https:\/\/resorma.agrotecnio.org\/ca\/missio\/","title":{"rendered":"Missi\u00f3"},"content":{"rendered":"<h2 class=\"wp-block-heading\">Resum del Projecte<\/h2><p>El <strong>Grup Operatiu \u201cMillora de la Resili\u00e8ncia de l\u2019Ordi i de la Malta als Cops de Calor i Brotada Precosecha\u201d (ResOrMa<\/strong>, per les seves sigles en catal\u00e0: <strong>Res<\/strong>ili\u00e8ncia de l&#8217;<strong>Or<\/strong>di i de la <strong>Ma<\/strong>lta) \u00e9s una iniciativa de recerca i divulgaci\u00f3 de les empreses <strong>Malteria La Moravia (Grup Damm)<\/strong>, <strong>Semillas Batlle i CUPASA, juntament amb el Grup de Recerca de Fisiologia de Cultius d\u2019AGROTECNIO, que a m\u00e9s coordina el Grup Operatiu<\/strong>, finan\u00e7at pel <strong>Departament d\u2019Acci\u00f3 Clim\u00e0tica, Alimentaci\u00f3 i Agenda Rural de la Generalitat de Catalunya i per les mateixes empreses.<\/strong><\/p>\n<p>L&#8217;objectiu de ResOrMa \u00e9s <strong>millorar la resili\u00e8ncia de l&#8217;ordi i la malta davant d&#8217;aquests fen\u00f2mens poc estudiats per\u00f2 molt rellevants i m\u00e9s freq\u00fcentes a causa dels efectes del canvi clim\u00e0tic<\/strong>. Per a aix\u00f2, el Grup Operatiu busca generar coneixement i innovacions que permetin desenvolupar solucions per augmentar la resist\u00e8ncia del cultiu d&#8217;ordi davant dels cops de calor i la brotaci\u00f3 precollita, que afecten negativament el rendiment i la qualitat del gra i, en conseq\u00fc\u00e8ncia, la producci\u00f3 de malta i cervesa. <\/p>\n<p>Amb un enfocament multidisciplinari, ResOrMa pret\u00e9n generar coneixement aplicat que benefici\u00ef els agricultors, la ind\u00fastria maltera i cervesera, i el sector agroalimentari en general, impulsant pr\u00e0ctiques m\u00e9s sostenibles i resilients.<\/p><h3 class=\"wp-block-heading\">Innovaci\u00f3 per a un Ordi M\u00e9s Resistent<\/h3>En colaboraci\u00f3n con la industria cervecera, trabajamos para seleccionar variedades de cebada m\u00e1s resistentes y optimizar su cultivo frente al cambio clim\u00e1tico.<p>ResOrMa t\u00e9 com a prop\u00f2sit general <strong>millorar la resili\u00e8ncia de l&#8217;ordi cerveser i la malta <\/strong>davant dels efectes adversos dels cops de calor i les pluges tardanes que provoquen la brotaci\u00f3 precollita, esdeveniments clim\u00e0tics que han augmentat en freq\u00fc\u00e8ncia i severitat a causa del canvi clim\u00e0tic. Mitjan\u00e7ant la recerca cient\u00edfica i la innovaci\u00f3, es busca generar solucions aplicables a tota la <strong>cadena de valor de l&#8217;ordi cerveser<\/strong>, des de la millora gen\u00e8tica del cultiu i la producci\u00f3 de grans fins al processament en la ind\u00fastria maltera. <\/p>\n<p>Els objectius espec\u00edfics inclouen<\/p>\n<ul>\n<li>Determinar el grado de variabilidad gen\u00e9tica en sensibilidad durante el llenado de los granos a (i) golpes de calor y (ii) brotado precosecha en respuesta a lluvias tard\u00edas<\/li>\n<li>Caracterizar cultivares actuales de mayor y menor niveles de tolerancia a estos eventos extremos<\/li>\n<li>Estudiar los mecanismos por los que los golpes de calor afectan al n\u00famero y peso de los granos, as\u00ed como a atributos de calidad de los granos para ser malteados<\/li>\n<li>Establecer la existencia de interacci\u00f3n entre la fertilizaci\u00f3n nitrogenada y la exposici\u00f3n a eventos extremos en rendimiento y calidad de los granos<\/li>\n<li>Cuantificar los efectos de (i) golpes de calor y (ii) brotado precosecha sobre:\n<ul>\n<li>atributos de calidad exigidos por la industria maltera<\/li>\n<li>el extracto de malta<\/li>\n<li>atributos de calidad de la malta exigidos por la industria cervecera.<\/li>\n<\/ul>\n<\/li>\n<\/ul>\n<p>L&#8217;assoliment d&#8217;aquests objectius tamb\u00e9 tindr\u00e0 un impacte potencial a llarg termini: el coneixement generat per aquest Grup Operatiu facilitar\u00e0 la generaci\u00f3 d&#8217;eines per<\/p>\n<ul>\n<li>generar modelos predictivos de da\u00f1os por exposici\u00f3n a estos eventos<\/li>\n<li>planificar estrategias de mejoramiento gen\u00e9tico m\u00e1s ajustadas<\/li>\n<li>dise\u00f1ar estrategias de manejo que mejoren la resiliencia sin reducir productividad<\/li>\n<li>mejorar el proceso industrial cuando los granos han sido expuestos a estos eventos<\/li>\n<\/ul><h1 class=\"wp-block-heading\">{post_title}<\/h1><p>El <strong>canvi clim\u00e0tic<\/strong> est\u00e0 provocant un augment en la freq\u00fc\u00e8ncia i intensitat d&#8217;esdeveniments clim\u00e0tics extrems, com <strong>onades de calor i pluges tardanes (que indueixen la brotaci\u00f3 dels grans a les espigues abans de la collita)<\/strong>.<\/p>\n<p>En la producci\u00f3 d&#8217;<strong>ordi cerveser<\/strong>, aquests fen\u00f2mens generen impactes negatius com:<\/p>\n<ul>\n<li><strong>Disminuci\u00f3n del rendimiento del cultivo<\/strong>, al afectar el crecimiento de los granos.<\/li>\n<li><strong>Deterioro en la calidad del grano<\/strong>, afectando su composici\u00f3n adem\u00e1s del tama\u00f1o (calibre) reduciendo la capacidad de los mismos para la producci\u00f3n de malta (y la calidad de la malta para producir cerveza <em>a posteriori<\/em>).<\/li>\n<\/ul>\n<p>Aquests efectes representen un repte tant per als <strong>agricultors <\/strong>com per a la <strong>ind\u00fastria maltera i cervesera<\/strong>, que dep\u00e8n d&#8217;una mat\u00e8ria primera d&#8217;alta qualitat. Aquests fen\u00f2mens eren molt poc freq\u00fcentes en el passat, i per aix\u00f2 no hi ha prou estudis sobre ells, ni en regions mediterr\u00e0nies en general ni a Catalunya en particular. Per afrontar aquests desafiaments, que amb el canvi clim\u00e0tic s\u00f3n cada cop m\u00e9s comuns, ResOrMa es proposa desenvolupar eines i estrat\u00e8gies que permetin una millor <strong>adaptaci\u00f3 del cultiu d&#8217;ordi<\/strong> a aquestes noves condicions clim\u00e0tiques.  <\/p><h3 class=\"wp-block-heading\">Adaptant l&#8217;Agricultura al Futur<\/h3>Golpes de calor y brotado precosecha amenazan la producci\u00f3n de malta y cerveza. ResOrMa investiga nuevas estrategias para mitigar su impacto.<h3 class=\"wp-block-heading\">Ci\u00e8ncia i Agricultura Unides per la Cervesa<\/h3>En colaboraci\u00f3n con la industria cervecera, trabajamos para seleccionar variedades de cebada m\u00e1s resistentes y optimizar su cultivo frente al cambio clim\u00e1tico.<p>La nostra missi\u00f3 \u00e9s contribuir a generar i difondre coneixement que contribueixi a.<\/p>\n<ul>\n<li><strong>Desarrollar variedades de cebada m\u00e1s resistentes<\/strong>\u00a0a golpes de calor y brotado precosecha mediante estudios de mejora gen\u00e9tica.<\/li>\n<li><strong>Optimizar las estrategias de fertilizaci\u00f3n<\/strong>\u00a0para reducir la vulnerabilidad del cultivo ante estos fen\u00f3menos clim\u00e1ticos.<\/li>\n<li><strong>Analizar el impacto del cambio clim\u00e1tico en la calidad del grano y la malta<\/strong>, proporcionando datos clave para la industria cervecera.<\/li>\n<li><strong>Contribuir a que se puedan <\/strong>\n<ul>\n<li><strong>desarrollarmodelos predictivos<\/strong>\u00a0que permitan prever y mitigar los efectos de los golpes de calor y las lluvias tard\u00edas en la producci\u00f3n.<\/li>\n<li><strong>implementar pr\u00e1cticas de mejora y manejo m\u00e1s eficientes<\/strong>\u00a0para garantizar la viabilidad econ\u00f3mica del cultivo en un contexto de cambio clim\u00e1tico.<\/li>\n<\/ul>\n<\/li>\n<\/ul><p>El Grup Operatiu <strong>ResOrMa <\/strong>est\u00e0 format per empreses clau de la cadena de valor de l&#8217;ordi cerveser: <strong>Malteria La Mor\u00e0via<\/strong> (producci\u00f3 industrial de malt), <strong>Semillas Batlle<\/strong> (millora gen\u00e8tica), <strong>CUPASA <\/strong>(producci\u00f3 prim\u00e0ria), i juntament amb el suport i coordinaci\u00f3 de <strong>AGROTECNIO <\/strong>(Centre de Recerca del sistema Prop de Catalunya)<\/p><p>El Grup Operatiu ResOrMa es desenvolupar\u00e0 tasques de recerca entre <strong>2024 i 2026<\/strong> i inclour\u00e0 una combinaci\u00f3 d&#8217;<strong>assajos de camp, estudis de laboratori i an\u00e0lisis industrials<\/strong>, amb la participaci\u00f3 d&#8217;experts en agronomia, gen\u00e8tica vegetal i producci\u00f3 maltera.<\/p>\n<ul>\n<li style=\"list-style-type: none;\">\n<ul>\n<li><strong>Ensayos de campo en Gimenells y Bell-lloc:<\/strong>\n<ul>\n<li>Exposici\u00f3n de diferentes variedades de cebada a\u00a0<strong>golpes de calor y lluvias simuladas<\/strong>\u00a0para evaluar su variabilidad en resiliencia.<\/li>\n<li>Estudio y cuantificaci\u00f3n del impacto de\u00a0<strong>diferentes estrategias de fertilizaci\u00f3n<\/strong>\u00a0en la respuesta del cultivo a estos fen\u00f3menos.<\/li>\n<li>An\u00e1lisis de los determinantes fisiol\u00f3gicos del cultivo que explican la variabilidad y las respuestas al manejo<\/li>\n<\/ul>\n<\/li>\n<li><strong>Estudios de calidad del grano y la malta:<\/strong>\n<ul>\n<li>Evaluaci\u00f3n del tama\u00f1o, contenido de prote\u00ednas, almid\u00f3n y capacidad germinativa del grano.<\/li>\n<li>An\u00e1lisis del proceso de malteado para determinar c\u00f3mo los factores clim\u00e1ticos afectan la calidad del producto final.<\/li>\n<\/ul>\n<\/li>\n<\/ul>\n<\/li>\n<\/ul><p>ResOrMa tindr\u00e0 diverses activitats de divulgaci\u00f3 i transfer\u00e8ncia de coneixement. Aquestes inclouen <\/p>\n<ul>\n<li style=\"list-style-type: none;\">\n<ul>\n<li style=\"list-style-type: none;\">\n<ul>\n<li>J<strong>ornadas de campo <\/strong><\/li>\n<li><strong>Conferencias<\/strong>\u00a0<\/li>\n<li>Publicaciones cient\u00edficas y difusi\u00f3n de resultados en revistas especializadas.<\/li>\n<\/ul>\n<\/li>\n<\/ul>\n<\/li>\n<\/ul><ul class=\"wp-block-list\">\n<li><strong>Per als agricultors: <\/strong>major estabilitat en els rendiments i millor adaptaci\u00f3 del cultiu d&#8217;ordi a les condicions clim\u00e0tiques canviants.<\/li>\n<li><strong>Per a la ind\u00fastria maltera i cervesera<\/strong>: acc\u00e9s a mat\u00e8ria primera de major qualitat, assegurant la producci\u00f3 de malt i cervesa sense comprometre est\u00e0ndards de sabor i consist\u00e8ncia.<\/li>\n<li><strong>Per a la recerca i el sector agroalimentari:<\/strong> generaci\u00f3 de coneixement clau per al desenvolupament d&#8217;estrat\u00e8gies d&#8217;adaptaci\u00f3 al canvi clim\u00e0tic en cultius de cereals.<\/li>\n<\/ul><h0>Malterias<\/h0><figure class=\"wp-block-image size-full\"><img loading=\"lazy\" decoding=\"async\" width=\"300\" height=\"200\" src=\"https:\/\/resorma.agrotecnio.org\/wp-content\/uploads\/2025\/03\/resorma-3.jpg\" alt=\"\" class=\"wp-image-371\"\/><\/figure><h0>Producci\u00f3n de malta<\/h0>Produce la malta utilizada por la industria cervecera<h0>Empresas de mejora de semillas<\/h0><h0>Cervecerias<\/h0><figure class=\"wp-block-image size-full\"><img loading=\"lazy\" decoding=\"async\" width=\"300\" height=\"200\" src=\"https:\/\/resorma.agrotecnio.org\/wp-content\/uploads\/2025\/03\/resorma-4.jpg\" alt=\"\" class=\"wp-image-372\"\/><\/figure><h0>Producci\u00f3n de cerveza<\/h0>A partir de la malta que provee la Malteria<h0>Agricultores<\/h0><figure class=\"wp-block-image size-full\"><img loading=\"lazy\" decoding=\"async\" width=\"300\" height=\"200\" src=\"https:\/\/resorma.agrotecnio.org\/wp-content\/uploads\/2025\/03\/resorma-2.jpg\" alt=\"\" class=\"wp-image-370\"\/><\/figure><h0>Producci\u00f3n de cebada<\/h0>Produce los grandes que ser\u00e1n utilizados por la industria maltera<figure class=\"wp-block-image size-full\"><img loading=\"lazy\" decoding=\"async\" width=\"300\" height=\"200\" src=\"https:\/\/resorma.agrotecnio.org\/wp-content\/uploads\/2025\/03\/resorma-1.jpg\" alt=\"\" class=\"wp-image-369\"\/><\/figure><h0>Mejora gen\u00e9tica de cebada<\/h0>Libera variedades de mejor comportamiento, por beneficio de los agricultores<figure class=\"wp-block-image size-full\"><img loading=\"lazy\" decoding=\"async\" width=\"291\" height=\"279\" src=\"https:\/\/resorma.agrotecnio.org\/wp-content\/uploads\/2025\/03\/Imagen2.png\" alt=\"\" class=\"wp-image-423\"\/><\/figure><figure class=\"wp-block-image size-full\"><img loading=\"lazy\" decoding=\"async\" width=\"284\" height=\"70\" src=\"https:\/\/resorma.agrotecnio.org\/wp-content\/uploads\/2025\/03\/LOGO_UE2.jpg\" alt=\"\" class=\"wp-image-482\"\/><\/figure>","protected":false},"excerpt":{"rendered":"<p>Resum del Projecte El Grup Operatiu \u201cMillora de la Resili\u00e8ncia de l\u2019Ordi i de la Malta als Cops de Calor i Brotada Precosecha\u201d (ResOrMa, per les seves sigles en catal\u00e0: Resili\u00e8ncia de l&#8217;Ordi i de la Malta) \u00e9s una iniciativa de recerca i divulgaci\u00f3 de les empreses Malteria La Moravia (Grup Damm), Semillas Batlle i [&hellip;]<\/p>\n","protected":false},"author":1,"featured_media":0,"parent":0,"menu_order":0,"comment_status":"closed","ping_status":"closed","template":"","meta":{"footnotes":""},"class_list":["post-585","page","type-page","status-publish","hentry"],"_links":{"self":[{"href":"https:\/\/resorma.agrotecnio.org\/ca\/wp-json\/wp\/v2\/pages\/585","targetHints":{"allow":["GET"]}}],"collection":[{"href":"https:\/\/resorma.agrotecnio.org\/ca\/wp-json\/wp\/v2\/pages"}],"about":[{"href":"https:\/\/resorma.agrotecnio.org\/ca\/wp-json\/wp\/v2\/types\/page"}],"author":[{"embeddable":true,"href":"https:\/\/resorma.agrotecnio.org\/ca\/wp-json\/wp\/v2\/users\/1"}],"replies":[{"embeddable":true,"href":"https:\/\/resorma.agrotecnio.org\/ca\/wp-json\/wp\/v2\/comments?post=585"}],"version-history":[{"count":3,"href":"https:\/\/resorma.agrotecnio.org\/ca\/wp-json\/wp\/v2\/pages\/585\/revisions"}],"predecessor-version":[{"id":910,"href":"https:\/\/resorma.agrotecnio.org\/ca\/wp-json\/wp\/v2\/pages\/585\/revisions\/910"}],"wp:attachment":[{"href":"https:\/\/resorma.agrotecnio.org\/ca\/wp-json\/wp\/v2\/media?parent=585"}],"curies":[{"name":"wp","href":"https:\/\/api.w.org\/{rel}","templated":true}]}}